{"id":80,"date":"2018-12-23T17:16:56","date_gmt":"2018-12-23T16:16:56","guid":{"rendered":"http:\/\/xn--hegegger-2za.ch\/?page_id=80"},"modified":"2020-04-11T10:03:00","modified_gmt":"2020-04-11T08:03:00","slug":"liegenschaftsunterhalt-2","status":"publish","type":"page","link":"https:\/\/xn--hegegger-2za.ch\/?page_id=80","title":{"rendered":"Liegenschaftsunterhalt"},"content":{"rendered":"<div id=\"cs-content\" class=\"cs-content\"><\/div>\n","protected":false},"excerpt":{"rendered":"<p>Liegenschaftsunterhalt Nicht nur das Haus muss unterhalten werden, sondern auch der Garten verlangt seine Zuneigung. Wir Beraten Sie, Pflegen und Erhalten Ihre Liegenschaft Ihren Bed\u00fcrfnissen angepasst. Es w\u00fcrde uns sehr freuen, wenn wir Sie diesbez\u00fcglich bei Ihren Herausforderungen entlasten k\u00f6nnen. Besten Dank f\u00fcr Ihr Vertrauen. HEg\u00e4 Egger &amp; Team HEg&auml; Egger, Aarwangen | info@heg&auml;egger.ch |&nbsp;08:00 &#8211; 1800 Uhr&nbsp;&nbsp;076 310 85 &#8230; <\/p>\n<div><a href=\"https:\/\/xn--hegegger-2za.ch\/?page_id=80\" class=\"more-link\">Read More<\/a><\/div>\n","protected":false},"author":1,"featured_media":0,"parent":0,"menu_order":0,"comment_status":"closed","ping_status":"closed","template":"template-blank-4.php","meta":{"footnotes":""},"class_list":["post-80","page","type-page","status-publish","hentry","no-post-thumbnail"],"_links":{"self":[{"href":"https:\/\/xn--hegegger-2za.ch\/index.php?rest_route=\/wp\/v2\/pages\/80","targetHints":{"allow":["GET"]}}],"collection":[{"href":"https:\/\/xn--hegegger-2za.ch\/index.php?rest_route=\/wp\/v2\/pages"}],"about":[{"href":"https:\/\/xn--hegegger-2za.ch\/index.php?rest_route=\/wp\/v2\/types\/page"}],"author":[{"embeddable":true,"href":"https:\/\/xn--hegegger-2za.ch\/index.php?rest_route=\/wp\/v2\/users\/1"}],"replies":[{"embeddable":true,"href":"https:\/\/xn--hegegger-2za.ch\/index.php?rest_route=%2Fwp%2Fv2%2Fcomments&post=80"}],"version-history":[{"count":3,"href":"https:\/\/xn--hegegger-2za.ch\/index.php?rest_route=\/wp\/v2\/pages\/80\/revisions"}],"predecessor-version":[{"id":225,"href":"https:\/\/xn--hegegger-2za.ch\/index.php?rest_route=\/wp\/v2\/pages\/80\/revisions\/225"}],"wp:attachment":[{"href":"https:\/\/xn--hegegger-2za.ch\/index.php?rest_route=%2Fwp%2Fv2%2Fmedia&parent=80"}],"curies":[{"name":"wp","href":"https:\/\/api.w.org\/{rel}","templated":true}]}}