{"id":104,"date":"2019-02-13T17:27:18","date_gmt":"2019-02-13T16:27:18","guid":{"rendered":"http:\/\/xn--hegegger-2za.ch\/?page_id=104"},"modified":"2026-02-12T13:32:11","modified_gmt":"2026-02-12T12:32:11","slug":"geschichte-aarwangen","status":"publish","type":"page","link":"https:\/\/xn--hegegger-2za.ch\/?page_id=104","title":{"rendered":"Geschichte Aarwangen"},"content":{"rendered":"<div id=\"cs-content\" class=\"cs-content\"><div class=\"x-section e104-e1 m2w-0 m2w-1 m2w-2 m2w-3\"><div class=\"x-container max width e104-e2 m2w-b m2w-c m2w-d\"><div class=\"x-column x-sm x-1-1 e104-e3 m2w-h\"><div class=\"x-text x-text-headline e104-e4 m2w-i m2w-j m2w-k m2w-l\"><div class=\"x-text-content\"><div class=\"x-text-content-text\"><h1 class=\"x-text-content-text-primary\">Die Geschichte Aarwangen<\/h1>\n<\/div><\/div><\/div><\/div><\/div><\/div><div class=\"x-section e104-e5 m2w-0 m2w-1 m2w-2 m2w-4 m2w-5\"><div class=\"x-container max width e104-e6 m2w-b m2w-c m2w-d\"><div class=\"x-column x-sm x-2-3 e104-e7 m2w-h\"><div class=\"x-text x-text-headline e104-e8 m2w-j m2w-k m2w-m m2w-n m2w-o\"><div class=\"x-text-content\"><div class=\"x-text-content-text\"><h2 class=\"x-text-content-text-primary\">Altertum<\/h2>\n<\/div><\/div><\/div><div class=\"x-text x-content e104-e9 m2w-t m2w-u\"><p>Der Oberaargau und mit ihm Aarwangen sind altes Kulturgebiet. W&auml;hrend in der Umgebung Funde gemacht wurden, die auf die Pfahlbauer zur&uuml;ckgehen (Burg&auml;schi, Inkwil), weisen andere Funde in Aarwangen selbst auf die Steinzeit zur&uuml;ck. (H&uuml;gelgr&auml;ber im Hardwald). Auch hier mussten die Kelten den R&ouml;mern weichen, deren Anwesenheit in Aarwangen durch M&uuml;nzenfunde aus der Zeit des Kaisers Alexander Severus (225 n. Chr.) bewiesen ist (Muniberg). Auf dem Muniberg fand man auch die Mauerresten eines R&ouml;mischen Wachtturmes. Nach dem Zusammenbruch des r&ouml;mischen Reiches drangen von Norden die Alemannen &uuml;ber den Jura in unser Gebiet, von Westen her die Burgunder. Nach allgemeiner Annahme verlief die Grenze zwischen diesen beiden V&ouml;lkerschaften der Aare entlang. In jene Zeit der Eroberung gehen wohl die Gr&auml;berfunde zur&uuml;ck, die zu Beginn des 20. Jahrhunderts am linken Aareufer, gegen&uuml;ber dem Schloss Aarwangen gemacht wurden.<\/p>\n<p>Autor unbekannt \/ Aus dem Buch der Ernst Aarwangen<\/p><\/div><\/div><div class=\"x-column x-sm x-1-3 e104-e10 m2w-h\"><a class=\"x-image e104-e11 m2w-y m2w-z m2w-10 m2w-11\" href=\"https:\/\/www.e-periodica.ch\/cntmng?pid=jas-003:1968:54::300\"><img decoding=\"async\" src=\"http:\/\/xn--hegegger-2za.ch\/wp-content\/uploads\/2019\/02\/HA-Steinbeilklingen.jpg\" width=\"576\" height=\"576\" alt=\"Image\" loading=\"lazy\"><\/a><\/div><\/div><\/div><div class=\"x-section e104-e12 m2w-0 m2w-1 m2w-2 m2w-4 m2w-6\"><div class=\"x-container max width e104-e13 m2w-b m2w-c m2w-d\"><div class=\"x-column x-sm x-2-3 e104-e14 m2w-h\"><div class=\"x-text x-text-headline e104-e15 m2w-j m2w-k m2w-m m2w-n m2w-o\"><div class=\"x-text-content\"><div class=\"x-text-content-text\"><h2 class=\"x-text-content-text-primary\">Mittelalter<\/h2>\n<\/div><\/div><\/div><div class=\"x-text x-content e104-e16 m2w-u m2w-v m2w-w\"><p>Die romantische Zeit des Mittelalters hat um die Wende des 12. Jahrhunderts ihren H&ouml;hepunkt erreicht. Auch im Oberaargau erhoben sich die Burgen der grossen und kleinen Dynastien. Diese meist z&auml;hringischen Besitzungen gingen an die Grafen von Kyburg &uuml;ber, die sie durch Adlige verwalten liessen. In Aarwangen herschte um 1165 ein Ritter Niclaus von Aarwangen, sp&auml;ter ein Ritter Berchtold von Aarwangen (1251). Zur Zeit, da die verwaiste kyburgische Grafschaft durch habsburger &uuml;bernommen wurde, h&ouml;ren wir von einem Ritter Walther von Aarwangen (1266), der sp&auml;ter Schulthess der Reichsstadt Solothurn wurde. Er zog um 1276 mit Rud. Von Habsburg gegen B&ouml;hmen und war einer der beg&uuml;tertsten und angesehensten Ritter des Landes. Noch zu gr&ouml;sseren Ehren kam sein Sohn Johann von Aarwangen (1280-1350). Da dieser keine Erben hinterliess, ging die Besitzung Aarwangen 1341 in den Besitz der Herren von Gr&uuml;nenberg &uuml;ber. Beim Einfall der Bugler in das Land um 1375 wurde die Burg zerst&ouml;rt, jedoch wieder aufgebaut. Nach dem Tode des letzten Gr&uuml;nenberg ging Aarwangen im Jahre 1432 an Bern &uuml;ber, das bis zum Jahre 1798 die Besitzung durch Landv&ouml;gte verwalten liess. Die Familien der M&uuml;linen, Steiger, Willading, Werdt, Wattenwyl, Tscharner, May, Thormann, von Erlach, St&uuml;rler und viele andere mehr l&ouml;sten sich als Landv&ouml;gte ab. &nbsp;Das Schlossbuch nennt 71 Landv&ouml;gte. <span style=\"text-decoration: line-through; color: #ff0000;\">Neu ist &nbsp;bekannt, dass auch Conrad Egger 1492 Landvogt in Aarwangen war. <\/span><span style=\"color: #ff0000;\"><strong><span style=\"color: #000000;\">Korrektur siehe in der Rubrik \"News.\" <\/span><\/strong><\/span>Aarwangen spielte eine bedeutende Rolle im Bauernkrieg von 1653 und wurde zum Hauptschauplatz, als nach Zusammenbruch des Aufstandes eine Anzahl der Anf&uuml;hrer auf dem Galgenfeld hingerichtet wurden.<\/p>\n<p>Autor unbekannt \/ Aus dem Buch der Ernst Aarwangen \/ erg&auml;nzt durch HEg&auml; Egger<\/p><\/div><\/div><div class=\"x-column x-sm x-1-3 e104-e17 m2w-h\"><span class=\"x-image e104-e18 m2w-y m2w-z m2w-10 m2w-11\"><img decoding=\"async\" src=\"http:\/\/xn--hegegger-2za.ch\/wp-content\/uploads\/2019\/02\/HA-Schloss.jpg\" width=\"362\" height=\"544\" alt=\"Image\" loading=\"lazy\"><\/span><\/div><\/div><\/div><div class=\"x-section e104-e19 m2w-0 m2w-1 m2w-2 m2w-4 m2w-5\"><div class=\"x-container max width e104-e20 m2w-b m2w-c m2w-d\"><div class=\"x-column x-sm x-1-3 e104-e21 m2w-h\"><span class=\"x-image e104-e22 m2w-y m2w-z m2w-10 m2w-11\"><img decoding=\"async\" src=\"http:\/\/xn--hegegger-2za.ch\/wp-content\/uploads\/2019\/02\/HA-Johann-Egger.jpg\" width=\"575\" height=\"863\" alt=\"Image\" loading=\"lazy\"><\/span><\/div><div class=\"x-column x-sm x-2-3 e104-e23 m2w-h\"><div class=\"x-text x-text-headline e104-e24 m2w-j m2w-k m2w-m m2w-n m2w-o\"><div class=\"x-text-content\"><div class=\"x-text-content-text\"><h2 class=\"x-text-content-text-primary\">Zeit der Helvetik, Mediation<\/h2>\n<\/div><\/div><\/div><div class=\"x-text x-content e104-e25 m2w-t m2w-u\"><p>Die Revolution in Frankreich im Jahre 1798 warf ihre Wellen auch in unser Lande, wo sich das Volk gegen die Unterdr\u00fcckung durch die V\u00f6gte auflehnte. Das Schloss wurde schwer besch\u00e4digt, die Burgmauern zum Teil abgebrochen. Es entstand eine neue helvetische Republik, in welche die Landvogtei Aarwangen einem Distrikt Langenthal Platz machen musste. Als im Jahre 1803 Napoleon durch die Mediationsakte die helvetische Republik wieder zu einem Staatenbund machte, teilte der Kanton Bern seine Gebiete in Amtsbezirke ein und Aarwangen wurde wieder Hauptort des gleichnamigen Bezirks. Bei der Einsetzung des Oberamtmannes kam es zu Unruhen, dem sogenannten \u00abBannwartenhandel\u00bb. Der neue Oberamtmann Hartmann weigerte sich, den durch die Aarwangenerb\u00fcrger gew\u00e4hlten Bannwarten zu best\u00e4tigen. Eine Anzahl der Angesehensten B\u00fcrger: Johann Egger \u00abGrossrat\u00bb, Samuel Obrist \u00abM\u00fcller\u00bb, Samuel Egger \u00abzum Wilden Mann\u00bb, Johann Gerber \u00abZ\u00f6llner\u00bb und Rudolf Ernst verfassten eine Denkschrift im Gasthof zum Wilden Mann, die dem Oberamtmann durch Rudolf Ernst anl\u00e4sslich der Huldigungsfeier in der Kirche \u00fcberreicht wurde. Da der Oberamtmann Hartmann die Annahme dieser Urkunde Verweigerte, verliessen die B\u00fcrger aus Protest die Kirche, die mit Schwefelbalsam verst\u00e4nkert wurde. Ein aus Bern herbeigerufener Kommissar veranlasste die Verhaftung der genannten Personen. Johann Egger und Samuel Obrist wurden nach Bern abgef\u00fchrt, sp\u00e4ter des Landes verwiesen. Nach einigen Jahren kehrte Johann Egger nach Aarwangen zur\u00fcck und wurde einer der ersten F\u00fchrer des Oberaargaus und war massgeblich daran beteiligt, dass das damalige Regiment des Kantons Bern 1831 durch eine Volksregierung ersetzt wurde. Nach dem sich das Bernervolk im Jahre 1830 endlich eine demokratische Regierung erwirkt hatte, begann auch f\u00fcr Aarwangen eine friedliche Zeit. Am Tage der Annahme der Verfassung flammte auf dem Muniberg zum letzten Mal der \u00abChutz\u00bb auf, um weithinaus den Anbruch einer neuen Zeit zu verk\u00fcnden.<\/p>\n<p><span>Autor unbekannt \/ Aus dem Buch der Ernst<\/span><span>Aarwangen,\u00a0<\/span><span>der Chronik \u201eGasthaus zum Wilden Mann\u201c,\u00a0<\/span><span>der Kurzbiographie von Johann Egger <\/span><\/p><\/div><\/div><\/div><\/div><div class=\"x-section e104-e26 m2w-0 m2w-1 m2w-2 m2w-4 m2w-6\"><div class=\"x-container max width e104-e27 m2w-c m2w-d m2w-e\"><div class=\"x-column x-sm x-1-1 e104-e28 m2w-h\"><div class=\"x-text x-text-headline e104-e29 m2w-j m2w-k m2w-m m2w-n m2w-o\"><div class=\"x-text-content\"><div class=\"x-text-content-text\"><h2 class=\"x-text-content-text-primary\">Neuzeit<\/h2>\n<\/div><\/div><\/div><div class=\"x-text x-content e104-e30 m2w-t m2w-u\"><p>Mit dem Anbruch ruhigeren Zeiten entwickelte sich auch Aarwangen zu einer wohlhabenden Gemeinde. Die ab 1790 eingef&uuml;hrten drei grossen Jahrm&auml;rkte brachten viel Leben in das Dorf. Handwerker und Gewerbetreibende vermehrten sich, doch konnte die Industrie, wohl weil Aarwangen von der neuen Eisenbahnlinie etwas abgelegen war, keinen rechten Fuss fassen. (Ausgezogen nach Langenthal Hector Egger Baufirma 1859, Egger &amp; Cie. Langenthal Textil 1911, usw.) Als bedeutende Unternehmen sind in den fr&uuml;hen 1920er Jahren, die neu gebaute Wollgarnfabrik H. Ernst &amp; Cie. (H.E.C.), mit ca. 100 Mittarbeiter und die G. &amp; W. Egger Aarwangen Handschuhfabrikation zu nennen. Durch die stark wachsende Industrie in Langenthal und Roggwil wurde Aarwangen in den 1950 Jahren von einem Bauerndorf in ein Arbeiterdorf verwandelt. Dies bewirkte eine enormen Zuwachs der Bev&ouml;lkerung, was wiederum im Verkehr und der gesamten Infrastruktur zu sp&uuml;ren war. Einzig die Weiler Haldimoos und Meiniswil blieben von diesem Zuwachs bis heute noch verschont.<\/p>\n<p>Autor HEg&auml; Egger<\/p><\/div><\/div><\/div><div class=\"x-container max width e104-e31 m2w-b m2w-c m2w-f\"><div class=\"x-column x-sm x-2-3 e104-e32 m2w-h\"><span class=\"x-image e104-e33 m2w-y m2w-z m2w-10 m2w-11\"><img decoding=\"async\" src=\"http:\/\/xn--hegegger-2za.ch\/wp-content\/uploads\/2019\/02\/Karte-Aarwangen-1875.jpg\" width=\"1055\" height=\"742\" alt=\"Image\" loading=\"lazy\"><\/span><\/div><div class=\"x-column x-sm x-1-3 e104-e34 m2w-h\"><div class=\"x-text x-text-headline e104-e35 m2w-j m2w-k m2w-l m2w-n m2w-p m2w-q\"><div class=\"x-text-content\"><div class=\"x-text-content-text\"><h3 class=\"x-text-content-text-primary\">1861<\/h3>\n<\/div><\/div><\/div><div class=\"x-text x-content e104-e36 m2w-t m2w-u\"><p><strong>Aarwangen als Hauptort des Amtsbezirkes Aarwangen <\/strong><\/p>\n\n<ul>\n \t<li>Ein l\u00e4ndliches Bauerndorf im Aufschwung der Neuzeit mit den Weiler Haldimos, Meiniswil, Mumenthal<\/li>\n \t<li>Eisenbahnanschluss Langenthal 1857<\/li>\n<\/ul><\/div><\/div><\/div><div class=\"x-container max width e104-e37 m2w-c m2w-f m2w-g\"><div class=\"x-column x-sm x-2-3 e104-e38 m2w-h\"><span class=\"x-image e104-e39 m2w-y m2w-z m2w-10 m2w-11\"><img decoding=\"async\" src=\"http:\/\/xn--hegegger-2za.ch\/wp-content\/uploads\/2019\/02\/Karte-Aarwangen-1900.jpg\" width=\"1055\" height=\"742\" alt=\"Image\" loading=\"lazy\"><\/span><\/div><div class=\"x-column x-sm x-1-3 e104-e40 m2w-h\"><div class=\"x-text x-text-headline e104-e41 m2w-j m2w-k m2w-l m2w-n m2w-p m2w-q\"><div class=\"x-text-content\"><div class=\"x-text-content-text\"><h3 class=\"x-text-content-text-primary\">1900<\/h3>\n<\/div><\/div><\/div><div class=\"x-text x-content e104-e42 m2w-t m2w-u\"><p><strong>Markante Ver\u00e4nderungen: <\/strong><\/p>\n\n<ul>\n \t<li>Hauptsstrasse in Zentrum<\/li>\n \t<li>Hauptstrasse Eyhalde<\/li>\n \t<li>Neue Wynaustrasse<\/li>\n<\/ul><\/div><\/div><\/div><div class=\"x-container max width e104-e43 m2w-b m2w-c m2w-f\"><div class=\"x-column x-sm x-2-3 e104-e44 m2w-h\"><span class=\"x-image e104-e45 m2w-y m2w-z m2w-10 m2w-11\"><img decoding=\"async\" src=\"http:\/\/xn--hegegger-2za.ch\/wp-content\/uploads\/2019\/02\/Karte-Aarwangen-1925.jpg\" width=\"1055\" height=\"742\" alt=\"Image\" loading=\"lazy\"><\/span><\/div><div class=\"x-column x-sm x-1-3 e104-e46 m2w-h\"><div class=\"x-text x-text-headline e104-e47 m2w-j m2w-k m2w-l m2w-n m2w-p m2w-q\"><div class=\"x-text-content\"><div class=\"x-text-content-text\"><h3 class=\"x-text-content-text-primary\">1925<\/h3>\n<\/div><\/div><\/div><div class=\"x-text x-content e104-e48 m2w-t m2w-u\"><p><strong>Markante Ver\u00e4nderungen:<\/strong><\/p>\n\n<ul>\n \t<li>OJB Schmalspurbahn durch Aarwangen 1907<\/li>\n \t<li>Erste Wasserkraftwerk Bannwil mit dem Kanal bis Wangen an der Aare 1904<\/li>\n<\/ul><\/div><\/div><\/div><div class=\"x-container max width e104-e49 m2w-b m2w-c m2w-f\"><div class=\"x-column x-sm x-2-3 e104-e50 m2w-h\"><span class=\"x-image e104-e51 m2w-y m2w-z m2w-10 m2w-11\"><img decoding=\"async\" src=\"http:\/\/xn--hegegger-2za.ch\/wp-content\/uploads\/2019\/02\/Karte-Aarwangen-1950.jpg\" width=\"1055\" height=\"742\" alt=\"Image\" loading=\"lazy\"><\/span><\/div><div class=\"x-column x-sm x-1-3 e104-e52 m2w-h\"><div class=\"x-text x-text-headline e104-e53 m2w-j m2w-k m2w-l m2w-n m2w-p m2w-q\"><div class=\"x-text-content\"><div class=\"x-text-content-text\"><h3 class=\"x-text-content-text-primary\">1950<\/h3>\n<\/div><\/div><\/div><div class=\"x-text x-content e104-e54 m2w-t m2w-u\"><p><strong>Markante Ver\u00e4nderungen: <\/strong><\/p>\n\n<ul>\n \t<li>Quartiere Farnere, Sonnhalde<\/li>\n \t<li>Sekundarschulhaus 1933<\/li>\n \t<li>Langenthal n\u00e4hert sich Aarwangen<\/li>\n \t<li>Industrie HEC<\/li>\n<\/ul><\/div><\/div><\/div><div class=\"x-container max width e104-e55 m2w-b m2w-c m2w-f\"><div class=\"x-column x-sm x-2-3 e104-e56 m2w-h\"><span class=\"x-image e104-e57 m2w-y m2w-z m2w-10 m2w-11\"><img decoding=\"async\" src=\"http:\/\/xn--hegegger-2za.ch\/wp-content\/uploads\/2019\/02\/Karte-Aarwangen-1975.jpg\" width=\"1055\" height=\"742\" alt=\"Image\" loading=\"lazy\"><\/span><\/div><div class=\"x-column x-sm x-1-3 e104-e58 m2w-h\"><div class=\"x-text x-text-headline e104-e59 m2w-j m2w-k m2w-l m2w-n m2w-p m2w-q\"><div class=\"x-text-content\"><div class=\"x-text-content-text\"><h3 class=\"x-text-content-text-primary\">1975<\/h3>\n<\/div><\/div><\/div><div class=\"x-text x-content e104-e60 m2w-t m2w-u\"><p><strong>Markante Ver\u00e4nderungen: <\/strong><\/p>\n\n<ul>\n \t<li>Waldrodung Unterhard<\/li>\n \t<li>Quartiere Hard, Wiesenstrasse, Riedgasse, Kirchenfeld, Bannfeld, Quellenweg, Ursprung<\/li>\n \t<li>Neue Schulanlage in der Sonnhalde 1970<\/li>\n \t<li>Kieswerk Rissi<\/li>\n \t<li>Neues Wasserkraftwerk Bannwil \/ R\u00fcckbau des alten Werks und des Kanals 1970<\/li>\n \t<li>Kleines Wachstum der Industrie Hard<\/li>\n \t<li>Langenthal an der Grenze<\/li>\n<\/ul><\/div><\/div><\/div><div class=\"x-container max width e104-e61 m2w-b m2w-c m2w-f\"><div class=\"x-column x-sm x-2-3 e104-e62 m2w-h\"><span class=\"x-image e104-e63 m2w-y m2w-z m2w-10 m2w-11\"><img decoding=\"async\" src=\"http:\/\/xn--hegegger-2za.ch\/wp-content\/uploads\/2019\/02\/Karte-Aarwangen-2000.jpg\" width=\"1055\" height=\"742\" alt=\"Image\" loading=\"lazy\"><\/span><\/div><div class=\"x-column x-sm x-1-3 e104-e64 m2w-h\"><div class=\"x-text x-text-headline e104-e65 m2w-j m2w-k m2w-l m2w-n m2w-p m2w-q\"><div class=\"x-text-content\"><div class=\"x-text-content-text\"><h3 class=\"x-text-content-text-primary\">2000<\/h3>\n<\/div><\/div><\/div><div class=\"x-text x-content e104-e66 m2w-t m2w-u\"><p><strong>Markante Ver&auml;nderungen: <\/strong><\/p>\n<ul>\n<li>Quartiere Galgenfeld, Sonnhalde, Mumenthal Hof, Haltmatt, Vorstadt, Ursprung<\/li>\n<li>ZAR 1972<\/li>\n<li>Hauptstrasse im Kleben<\/li>\n<li>Verlandung des Mumenthalerweier<\/li>\n<li>SBB Schnellbahn (Bahn 2000)<\/li>\n<\/ul><\/div><\/div><\/div><div class=\"x-container max width e104-e67 m2w-b m2w-c m2w-f\"><div class=\"x-column x-sm x-2-3 e104-e68 m2w-h\"><span class=\"x-image e104-e69 m2w-y m2w-z m2w-10 m2w-11\"><img decoding=\"async\" src=\"http:\/\/xn--hegegger-2za.ch\/wp-content\/uploads\/2019\/02\/Karte-Aarwangen-2013.jpg\" width=\"1055\" height=\"742\" alt=\"Image\" loading=\"lazy\"><\/span><\/div><div class=\"x-column x-sm x-1-3 e104-e70 m2w-h\"><div class=\"x-text x-text-headline e104-e71 m2w-j m2w-k m2w-l m2w-n m2w-p m2w-q\"><div class=\"x-text-content\"><div class=\"x-text-content-text\"><h3 class=\"x-text-content-text-primary\">2013<\/h3>\n<\/div><\/div><\/div><div class=\"x-text x-content e104-e72 m2w-t m2w-u\"><p><strong>Markante Ver&auml;nderungen: <\/strong><\/p>\n<ul>\n<li>Verdichtetes Bauen<\/li>\n<li>Quartier Bergwinkel<\/li>\n<li>Erweiterung der Schulanlage Sonnhalde 2002<\/li>\n<li>Industriegebiet Hard<\/li>\n<\/ul><\/div><\/div><\/div><\/div><div class=\"x-section e104-e73 m2w-0 m2w-1 m2w-3 m2w-7\"><div class=\"x-container e104-e74 m2w-b m2w-c m2w-d\"><div class=\"x-column x-sm x-1-1 e104-e75 m2w-h\"><div class=\"x-text x-text-headline e104-e76 m2w-i m2w-j m2w-o m2w-q m2w-r\"><div class=\"x-text-content\"><div class=\"x-text-content-text\"><h2 class=\"x-text-content-text-primary\">Mumenthal 2019<\/h2>\n<\/div><\/div><\/div><span class=\"x-image e104-e77 m2w-y m2w-z m2w-11 m2w-12\"><img decoding=\"async\" src=\"http:\/\/xn--hegegger-2za.ch\/wp-content\/uploads\/2019\/03\/Mumenthal.jpg\" width=\"1200\" height=\"493\" alt=\"Image\" loading=\"lazy\"><\/span><\/div><\/div><\/div><div class=\"x-section e104-e78 m2w-1 m2w-2 m2w-4 m2w-8\"><div class=\"x-row x-container max width e104-e79 m2w-15 m2w-16\"><div class=\"x-row-inner\"><div class=\"x-col e104-e80 m2w-17\"><div class=\"x-text x-content e104-e81 m2w-t m2w-u\"><p><strong>Spendenkonto:<\/strong> CH10 0645 0279 3626 5751 7 | Simon Egger, 4912 Aarwangen | &nbsp;Vermerk: Historisches Aarwangen&nbsp;<\/p><\/div><\/div><\/div><\/div><\/div><div class=\"x-section e104-e82 m2w-0 m2w-1 m2w-6 m2w-9 m2w-a\"><div class=\"x-container max width e104-e83 m2w-b m2w-c m2w-d\"><div class=\"x-column x-sm x-1-1 e104-e84 m2w-h\"><div class=\"x-text x-content e104-e85 m2w-u m2w-w m2w-x\"><p><strong>HEg&auml; Egger<\/strong>, Aarwangen | <strong>info@historischesaarwangen.ch<\/strong> |&nbsp;08:00 - 1800 Uhr&nbsp;&nbsp;<strong>076 310 85 63<\/strong><\/p><\/div><hr class=\"x-line e104-e86 m2w-18\"\/><\/div><\/div><\/div><div class=\"x-section e104-e87 m2w-0 m2w-1 m2w-4 m2w-6 m2w-9\"><div class=\"x-container max width e104-e88 m2w-b m2w-c m2w-d\"><div class=\"x-column x-sm x-1-1 e104-e89 m2w-h\"><div class=\"x-text x-text-headline e104-e90 m2w-i m2w-j m2w-k m2w-s\"><div class=\"x-text-content\"><div class=\"x-text-content-text\"><h1 class=\"x-text-content-text-primary\">Partner:<\/h1>\n<\/div><\/div><\/div><\/div><\/div><div class=\"x-container max width e104-e91 m2w-b m2w-c m2w-d center-text\"><div class=\"x-column x-sm x-1-5 e104-e92 m2w-h\"><a class=\"x-image e104-e93 m2w-y m2w-10 m2w-13 m2w-14\" href=\"http:\/\/digital.egger-hof.ch\"><img decoding=\"async\" src=\"http:\/\/xn--hegegger-2za.ch\/wp-content\/uploads\/2019\/02\/eggerhof.jpg\" width=\"300\" height=\"150\" alt=\"Image\" loading=\"lazy\"><\/a><\/div><div class=\"x-column x-sm x-1-5 e104-e94 m2w-h\"><a class=\"x-image e104-e95 m2w-y m2w-10 m2w-11 m2w-13\" href=\"https:\/\/www.werkstatt-f.ch\"><img decoding=\"async\" src=\"http:\/\/xn--hegegger-2za.ch\/wp-content\/uploads\/2019\/02\/werkstatt-f.jpg\" width=\"300\" height=\"150\" alt=\"Image\" loading=\"lazy\"><\/a><\/div><div class=\"x-column x-sm x-1-5 e104-e96 m2w-h\"><span class=\"x-image e104-e97 m2w-y m2w-10 m2w-11 m2w-13\"><img decoding=\"async\" src=\"http:\/\/xn--hegegger-2za.ch\/wp-content\/uploads\/2019\/12\/Herausgeber.jpg\" width=\"847\" height=\"444\" alt=\"Image\" loading=\"lazy\"><\/span><\/div><div class=\"x-column x-sm x-1-5 e104-e98 m2w-h\"><a class=\"x-image e104-e99 m2w-y m2w-10 m2w-11 m2w-13\" href=\"https:\/\/www.museumlangenthal.ch\"><img decoding=\"async\" src=\"http:\/\/xn--hegegger-2za.ch\/wp-content\/uploads\/2019\/02\/museum-langenthal.jpg\" width=\"300\" height=\"150\" alt=\"Image\" loading=\"lazy\"><\/a><\/div><div class=\"x-column x-sm x-1-5 e104-e100 m2w-h\"><a class=\"x-image e104-e101 m2w-y m2w-10 m2w-11 m2w-13\" href=\"https:\/\/schloss-aarwangen.ch\/\"><img decoding=\"async\" src=\"https:\/\/xn--hegegger-2za.ch\/wp-content\/uploads\/2026\/02\/Logo-Schloss-Aarwangen--scaled-e1770898964243.jpg\" width=\"300\" height=\"150\" alt=\"Image\" loading=\"lazy\"><\/a><\/div><\/div><\/div><\/div>\n","protected":false},"excerpt":{"rendered":"<p>Die Geschichte Aarwangen Altertum Der Oberaargau und mit ihm Aarwangen sind altes Kulturgebiet. W&auml;hrend in der Umgebung Funde gemacht wurden, die auf die Pfahlbauer zur&uuml;ckgehen (Burg&auml;schi, Inkwil), weisen andere Funde in Aarwangen selbst auf die Steinzeit zur&uuml;ck. (H&uuml;gelgr&auml;ber im Hardwald). Auch hier mussten die Kelten den R&ouml;mern weichen, deren Anwesenheit in Aarwangen durch M&uuml;nzenfunde aus der Zeit des Kaisers Alexander &#8230; <\/p>\n<div><a href=\"https:\/\/xn--hegegger-2za.ch\/?page_id=104\" class=\"more-link\">Read More<\/a><\/div>\n","protected":false},"author":1,"featured_media":0,"parent":106,"menu_order":2,"comment_status":"closed","ping_status":"closed","template":"template-blank-4.php","meta":{"footnotes":""},"class_list":["post-104","page","type-page","status-publish","hentry","no-post-thumbnail"],"_links":{"self":[{"href":"https:\/\/xn--hegegger-2za.ch\/index.php?rest_route=\/wp\/v2\/pages\/104","targetHints":{"allow":["GET"]}}],"collection":[{"href":"https:\/\/xn--hegegger-2za.ch\/index.php?rest_route=\/wp\/v2\/pages"}],"about":[{"href":"https:\/\/xn--hegegger-2za.ch\/index.php?rest_route=\/wp\/v2\/types\/page"}],"author":[{"embeddable":true,"href":"https:\/\/xn--hegegger-2za.ch\/index.php?rest_route=\/wp\/v2\/users\/1"}],"replies":[{"embeddable":true,"href":"https:\/\/xn--hegegger-2za.ch\/index.php?rest_route=%2Fwp%2Fv2%2Fcomments&post=104"}],"version-history":[{"count":19,"href":"https:\/\/xn--hegegger-2za.ch\/index.php?rest_route=\/wp\/v2\/pages\/104\/revisions"}],"predecessor-version":[{"id":1283,"href":"https:\/\/xn--hegegger-2za.ch\/index.php?rest_route=\/wp\/v2\/pages\/104\/revisions\/1283"}],"up":[{"embeddable":true,"href":"https:\/\/xn--hegegger-2za.ch\/index.php?rest_route=\/wp\/v2\/pages\/106"}],"wp:attachment":[{"href":"https:\/\/xn--hegegger-2za.ch\/index.php?rest_route=%2Fwp%2Fv2%2Fmedia&parent=104"}],"curies":[{"name":"wp","href":"https:\/\/api.w.org\/{rel}","templated":true}]}}